{"id":107,"date":"2024-03-21T11:53:00","date_gmt":"2024-03-21T11:53:00","guid":{"rendered":"https:\/\/klinikadentalstarosa.com\/?page_id=107"},"modified":"2024-10-31T15:39:11","modified_gmt":"2024-10-31T15:39:11","slug":"x-ray-and-3d-scan","status":"publish","type":"page","link":"https:\/\/klinikadentalstarosa.com\/nl\/x-ray-and-3d-scan\/","title":{"rendered":"X-ray en 3D scan"},"content":{"rendered":"\t\t<div data-elementor-type=\"wp-page\" data-elementor-id=\"107\" class=\"elementor elementor-107\" data-elementor-post-type=\"page\">\n\t\t\t\t<div class=\"elementor-element elementor-element-0616760 e-con-full e-flex e-con e-parent\" data-id=\"0616760\" data-element_type=\"container\" data-e-type=\"container\" data-settings=\"{&quot;background_background&quot;:&quot;classic&quot;}\">\n\t\t<div class=\"elementor-element elementor-element-16230f7 e-con-full e-flex e-con e-child\" data-id=\"16230f7\" data-element_type=\"container\" data-e-type=\"container\" data-settings=\"{&quot;background_background&quot;:&quot;classic&quot;}\">\n\t\t\t\t<div class=\"elementor-element elementor-element-61ef1ee elementor-widget elementor-widget-shortcode\" data-id=\"61ef1ee\" data-element_type=\"widget\" data-e-type=\"widget\" data-settings=\"{&quot;sticky&quot;:&quot;top&quot;,&quot;sticky_on&quot;:[&quot;desktop&quot;,&quot;laptop&quot;],&quot;sticky_offset&quot;:150,&quot;sticky_parent&quot;:&quot;yes&quot;,&quot;sticky_effects_offset&quot;:0,&quot;sticky_anchor_link_offset&quot;:0}\" data-widget_type=\"shortcode.default\">\n\t\t\t\t<div class=\"elementor-widget-container\">\n\t\t\t\t\t\t\t<div class=\"elementor-shortcode\">\t\t<div data-elementor-type=\"container\" data-elementor-id=\"1019\" class=\"elementor elementor-1019\" data-elementor-post-type=\"elementor_library\">\n\t\t\t\t<div class=\"elementor-element elementor-element-ba569d5 e-con-full elementor-hidden-mobile e-flex e-con e-child\" data-id=\"ba569d5\" data-element_type=\"container\" data-e-type=\"container\" data-settings=\"{&quot;background_background&quot;:&quot;classic&quot;}\">\n\t\t\t\t<div class=\"elementor-element elementor-element-99a9ead elementor-widget elementor-widget-heading\" data-id=\"99a9ead\" data-element_type=\"widget\" data-e-type=\"widget\" data-widget_type=\"heading.default\">\n\t\t\t\t<div class=\"elementor-widget-container\">\n\t\t\t\t\t<h4 class=\"elementor-heading-title elementor-size-default\"><a href=\"https:\/\/klinikadentalstarosa.com\/dental-care\/\">Our Services<\/a><\/h4>\t\t\t\t<\/div>\n\t\t\t\t<\/div>\n\t\t\t\t<div class=\"elementor-element elementor-element-ec78399 elementor-nav-menu--dropdown-none elementor-widget__width-auto elementor-widget elementor-widget-nav-menu\" data-id=\"ec78399\" data-element_type=\"widget\" data-e-type=\"widget\" data-settings=\"{&quot;layout&quot;:&quot;vertical&quot;,&quot;submenu_icon&quot;:{&quot;value&quot;:&quot;&lt;svg aria-hidden=\\&quot;true\\&quot; class=\\&quot;e-font-icon-svg e-fas-caret-down\\&quot; viewBox=\\&quot;0 0 320 512\\&quot; xmlns=\\&quot;http:\\\/\\\/www.w3.org\\\/2000\\\/svg\\&quot;&gt;&lt;path d=\\&quot;M31.3 192h257.3c17.8 0 26.7 21.5 14.1 34.1L174.1 354.8c-7.8 7.8-20.5 7.8-28.3 0L17.2 226.1C4.6 213.5 13.5 192 31.3 192z\\&quot;&gt;&lt;\\\/path&gt;&lt;\\\/svg&gt;&quot;,&quot;library&quot;:&quot;fa-solid&quot;}}\" data-widget_type=\"nav-menu.default\">\n\t\t\t\t<div class=\"elementor-widget-container\">\n\t\t\t\t\t\t\t\t<nav aria-label=\"Menu\" class=\"elementor-nav-menu--main elementor-nav-menu__container elementor-nav-menu--layout-vertical e--pointer-underline e--animation-fade\">\n\t\t\t\t<ul id=\"menu-1-ec78399\" class=\"elementor-nav-menu sm-vertical\"><li class=\"menu-item menu-item-type-post_type menu-item-object-page menu-item-623\"><a href=\"https:\/\/klinikadentalstarosa.com\/nl\/dental-care-curacao\/\" class=\"elementor-item\">Dental Care<\/a><\/li>\n<li class=\"menu-item menu-item-type-post_type menu-item-object-page menu-item-624\"><a href=\"https:\/\/klinikadentalstarosa.com\/nl\/dental-hygiene-curacao\/\" class=\"elementor-item\">Dental Hygiene<\/a><\/li>\n<li class=\"menu-item menu-item-type-post_type menu-item-object-page menu-item-625\"><a href=\"https:\/\/klinikadentalstarosa.com\/nl\/implants\/\" class=\"elementor-item\">Implants<\/a><\/li>\n<li class=\"menu-item menu-item-type-post_type menu-item-object-page menu-item-626\"><a href=\"https:\/\/klinikadentalstarosa.com\/nl\/dental-prosthesis-curacao\/\" class=\"elementor-item\">Dental Prosthesis<\/a><\/li>\n<li class=\"menu-item menu-item-type-post_type menu-item-object-page menu-item-627\"><a href=\"https:\/\/klinikadentalstarosa.com\/nl\/root-canal-treatment\/\" class=\"elementor-item\">Root Canal Treatment<\/a><\/li>\n<li class=\"menu-item menu-item-type-post_type menu-item-object-page menu-item-628\"><a href=\"https:\/\/klinikadentalstarosa.com\/nl\/orthodontics\/\" class=\"elementor-item\">Orthodontics<\/a><\/li>\n<li class=\"menu-item menu-item-type-post_type menu-item-object-page menu-item-629\"><a href=\"https:\/\/klinikadentalstarosa.com\/nl\/invisalign\/\" class=\"elementor-item\">Invisalign<\/a><\/li>\n<li class=\"menu-item menu-item-type-post_type menu-item-object-page menu-item-630\"><a href=\"https:\/\/klinikadentalstarosa.com\/nl\/digital-dentistry\/\" class=\"elementor-item\">Digital Dentistry<\/a><\/li>\n<li class=\"menu-item menu-item-type-post_type menu-item-object-page menu-item-631\"><a href=\"https:\/\/klinikadentalstarosa.com\/nl\/x-ray-and-3d-scan\/\" class=\"elementor-item\">X-Ray and 3D Scan<\/a><\/li>\n<li class=\"menu-item menu-item-type-post_type menu-item-object-page menu-item-632\"><a href=\"https:\/\/klinikadentalstarosa.com\/nl\/facings\/\" class=\"elementor-item\">Facings<\/a><\/li>\n<li class=\"menu-item menu-item-type-post_type menu-item-object-page menu-item-633\"><a href=\"https:\/\/klinikadentalstarosa.com\/nl\/teeth-whitening\/\" class=\"elementor-item\">Teeth Whitening<\/a><\/li>\n<li class=\"menu-item menu-item-type-post_type menu-item-object-page menu-item-1238\"><a href=\"https:\/\/klinikadentalstarosa.com\/nl\/cosmetic-dentistry\/\" class=\"elementor-item\">Cosmetic Dentistry<\/a><\/li>\n<\/ul>\t\t\t<\/nav>\n\t\t\t\t\t\t<nav class=\"elementor-nav-menu--dropdown elementor-nav-menu__container\" aria-hidden=\"true\">\n\t\t\t\t<ul id=\"menu-2-ec78399\" class=\"elementor-nav-menu sm-vertical\"><li class=\"menu-item menu-item-type-post_type menu-item-object-page menu-item-623\"><a href=\"https:\/\/klinikadentalstarosa.com\/nl\/dental-care-curacao\/\" class=\"elementor-item\" tabindex=\"-1\">Dental Care<\/a><\/li>\n<li class=\"menu-item menu-item-type-post_type menu-item-object-page menu-item-624\"><a href=\"https:\/\/klinikadentalstarosa.com\/nl\/dental-hygiene-curacao\/\" class=\"elementor-item\" tabindex=\"-1\">Dental Hygiene<\/a><\/li>\n<li class=\"menu-item menu-item-type-post_type menu-item-object-page menu-item-625\"><a href=\"https:\/\/klinikadentalstarosa.com\/nl\/implants\/\" class=\"elementor-item\" tabindex=\"-1\">Implants<\/a><\/li>\n<li class=\"menu-item menu-item-type-post_type menu-item-object-page menu-item-626\"><a href=\"https:\/\/klinikadentalstarosa.com\/nl\/dental-prosthesis-curacao\/\" class=\"elementor-item\" tabindex=\"-1\">Dental Prosthesis<\/a><\/li>\n<li class=\"menu-item menu-item-type-post_type menu-item-object-page menu-item-627\"><a href=\"https:\/\/klinikadentalstarosa.com\/nl\/root-canal-treatment\/\" class=\"elementor-item\" tabindex=\"-1\">Root Canal Treatment<\/a><\/li>\n<li class=\"menu-item menu-item-type-post_type menu-item-object-page menu-item-628\"><a href=\"https:\/\/klinikadentalstarosa.com\/nl\/orthodontics\/\" class=\"elementor-item\" tabindex=\"-1\">Orthodontics<\/a><\/li>\n<li class=\"menu-item menu-item-type-post_type menu-item-object-page menu-item-629\"><a href=\"https:\/\/klinikadentalstarosa.com\/nl\/invisalign\/\" class=\"elementor-item\" tabindex=\"-1\">Invisalign<\/a><\/li>\n<li class=\"menu-item menu-item-type-post_type menu-item-object-page menu-item-630\"><a href=\"https:\/\/klinikadentalstarosa.com\/nl\/digital-dentistry\/\" class=\"elementor-item\" tabindex=\"-1\">Digital Dentistry<\/a><\/li>\n<li class=\"menu-item menu-item-type-post_type menu-item-object-page menu-item-631\"><a href=\"https:\/\/klinikadentalstarosa.com\/nl\/x-ray-and-3d-scan\/\" class=\"elementor-item\" tabindex=\"-1\">X-Ray and 3D Scan<\/a><\/li>\n<li class=\"menu-item menu-item-type-post_type menu-item-object-page menu-item-632\"><a href=\"https:\/\/klinikadentalstarosa.com\/nl\/facings\/\" class=\"elementor-item\" tabindex=\"-1\">Facings<\/a><\/li>\n<li class=\"menu-item menu-item-type-post_type menu-item-object-page menu-item-633\"><a href=\"https:\/\/klinikadentalstarosa.com\/nl\/teeth-whitening\/\" class=\"elementor-item\" tabindex=\"-1\">Teeth Whitening<\/a><\/li>\n<li class=\"menu-item menu-item-type-post_type menu-item-object-page menu-item-1238\"><a href=\"https:\/\/klinikadentalstarosa.com\/nl\/cosmetic-dentistry\/\" class=\"elementor-item\" tabindex=\"-1\">Cosmetic Dentistry<\/a><\/li>\n<\/ul>\t\t\t<\/nav>\n\t\t\t\t\t\t<\/div>\n\t\t\t\t<\/div>\n\t\t\t\t<\/div>\n\t\t\t\t<\/div>\n\t\t<\/div>\n\t\t\t\t\t\t<\/div>\n\t\t\t\t<\/div>\n\t\t\t\t<\/div>\n\t\t<div class=\"elementor-element elementor-element-0b02def e-con-full e-flex e-con e-child\" data-id=\"0b02def\" data-element_type=\"container\" data-e-type=\"container\" data-settings=\"{&quot;background_background&quot;:&quot;classic&quot;}\">\n\t\t<div class=\"elementor-element elementor-element-45a7be6 e-con-full e-flex e-con e-child\" data-id=\"45a7be6\" data-element_type=\"container\" data-e-type=\"container\" data-settings=\"{&quot;background_background&quot;:&quot;classic&quot;}\">\n\t\t<div class=\"elementor-element elementor-element-3f6b120 e-con-full e-flex e-con e-child\" data-id=\"3f6b120\" data-element_type=\"container\" data-e-type=\"container\">\n\t\t\t\t<div class=\"elementor-element elementor-element-27cd98b elementor-widget elementor-widget-text-editor\" data-id=\"27cd98b\" data-element_type=\"widget\" data-e-type=\"widget\" data-widget_type=\"text-editor.default\">\n\t\t\t\t<div class=\"elementor-widget-container\">\n\t\t\t\t\t\t\t\t\t<p>Dental X-rays can help your dentist detect oral health issues, like cavities and gum disease, before they worsen. There are many different types of dental X-rays, including intraoral (taken inside your mouth) and extra-oral (taken outside your mouth). Dental X-rays are essential to proper oral health and dental maintenance.<\/p><p>Dentists use\u00a0computed tomography (CT) scans to capture 3D dental X-rays of your teeth, jaws, joints, nerves and sinuses. These X-rays can also detect tumors or facial fractures. Surgeons often use dental CT scans to check the height, width and location of your jawbone before dental implant placement. Orthodontists can also use the 3D scans when the patient has an impacted tooth.\u00a0<\/p><p>We have upgraded our old x-ray panoramic machine since 2022 to what the latest technology has to offer. Besides the standard single tooth X-rays we also offer Panoramic X-ray, Cephalomatric X-rays, and 3D X-rays. This latest version of digital x-ray has the highest resolution and lowest radiation. All the X-ray\u2019s are digital and can be placed on a USB stick with appropriate software to view them or send via email.\u00a0<\/p>\t\t\t\t\t\t\t\t<\/div>\n\t\t\t\t<\/div>\n\t\t\t\t<div class=\"elementor-element elementor-element-de86d98 elementor-widget elementor-widget-gallery\" data-id=\"de86d98\" data-element_type=\"widget\" data-e-type=\"widget\" data-settings=\"{&quot;columns&quot;:3,&quot;gap&quot;:{&quot;unit&quot;:&quot;px&quot;,&quot;size&quot;:20,&quot;sizes&quot;:[]},&quot;aspect_ratio&quot;:&quot;1:1&quot;,&quot;lazyload&quot;:&quot;yes&quot;,&quot;gallery_layout&quot;:&quot;grid&quot;,&quot;columns_tablet&quot;:2,&quot;columns_mobile&quot;:1,&quot;gap_laptop&quot;:{&quot;unit&quot;:&quot;px&quot;,&quot;size&quot;:10,&quot;sizes&quot;:[]},&quot;gap_tablet&quot;:{&quot;unit&quot;:&quot;px&quot;,&quot;size&quot;:10,&quot;sizes&quot;:[]},&quot;gap_mobile&quot;:{&quot;unit&quot;:&quot;px&quot;,&quot;size&quot;:10,&quot;sizes&quot;:[]},&quot;link_to&quot;:&quot;file&quot;,&quot;overlay_background&quot;:&quot;yes&quot;,&quot;content_hover_animation&quot;:&quot;fade-in&quot;}\" data-widget_type=\"gallery.default\">\n\t\t\t\t<div class=\"elementor-widget-container\">\n\t\t\t\t\t\t\t<div class=\"elementor-gallery__container\">\n\t\t\t\t\t\t\t<a class=\"e-gallery-item elementor-gallery-item elementor-animated-content\" href=\"https:\/\/klinikadentalstarosa.com\/wp-content\/uploads\/2024\/07\/119DSC_6416_Juni2024_KlinikaDental.jpg\" data-elementor-open-lightbox=\"yes\" data-elementor-lightbox-slideshow=\"de86d98\" data-e-action-hash=\"#elementor-action%3Aaction%3Dlightbox%26settings%3DeyJpZCI6MTY5MiwidXJsIjoiaHR0cHM6XC9cL2tsaW5pa2FkZW50YWxzdGFyb3NhLmNvbVwvd3AtY29udGVudFwvdXBsb2Fkc1wvMjAyNFwvMDdcLzExOURTQ182NDE2X0p1bmkyMDI0X0tsaW5pa2FEZW50YWwuanBnIiwic2xpZGVzaG93IjoiZGU4NmQ5OCJ9\">\n\t\t\t\t\t<div class=\"e-gallery-image elementor-gallery-item__image\" data-thumbnail=\"https:\/\/klinikadentalstarosa.com\/wp-content\/uploads\/2024\/07\/119DSC_6416_Juni2024_KlinikaDental.jpg\" data-width=\"709\" data-height=\"473\" aria-label=\"\" role=\"img\" ><\/div>\n\t\t\t\t\t\t\t\t\t\t\t<div class=\"elementor-gallery-item__overlay\"><\/div>\n\t\t\t\t\t\t\t\t\t\t\t\t\t\t<\/a>\n\t\t\t\t\t\t\t<a class=\"e-gallery-item elementor-gallery-item elementor-animated-content\" href=\"https:\/\/klinikadentalstarosa.com\/wp-content\/uploads\/2024\/07\/unnamed.png\" data-elementor-open-lightbox=\"yes\" data-elementor-lightbox-slideshow=\"de86d98\" data-e-action-hash=\"#elementor-action%3Aaction%3Dlightbox%26settings%3DeyJpZCI6MTc3MCwidXJsIjoiaHR0cHM6XC9cL2tsaW5pa2FkZW50YWxzdGFyb3NhLmNvbVwvd3AtY29udGVudFwvdXBsb2Fkc1wvMjAyNFwvMDdcL3VubmFtZWQucG5nIiwic2xpZGVzaG93IjoiZGU4NmQ5OCJ9\">\n\t\t\t\t\t<div class=\"e-gallery-image elementor-gallery-item__image\" data-thumbnail=\"https:\/\/klinikadentalstarosa.com\/wp-content\/uploads\/2024\/07\/unnamed.png\" data-width=\"376\" data-height=\"477\" aria-label=\"\" role=\"img\" ><\/div>\n\t\t\t\t\t\t\t\t\t\t\t<div class=\"elementor-gallery-item__overlay\"><\/div>\n\t\t\t\t\t\t\t\t\t\t\t\t\t\t<\/a>\n\t\t\t\t\t\t\t<a class=\"e-gallery-item elementor-gallery-item elementor-animated-content\" href=\"https:\/\/klinikadentalstarosa.com\/wp-content\/uploads\/2024\/07\/Radio-Pan-02.jpg\" data-elementor-open-lightbox=\"yes\" data-elementor-lightbox-slideshow=\"de86d98\" data-e-action-hash=\"#elementor-action%3Aaction%3Dlightbox%26settings%3DeyJpZCI6MTc1OSwidXJsIjoiaHR0cHM6XC9cL2tsaW5pa2FkZW50YWxzdGFyb3NhLmNvbVwvd3AtY29udGVudFwvdXBsb2Fkc1wvMjAyNFwvMDdcL1JhZGlvLVBhbi0wMi5qcGciLCJzbGlkZXNob3ciOiJkZTg2ZDk4In0%3D\">\n\t\t\t\t\t<div class=\"e-gallery-image elementor-gallery-item__image\" data-thumbnail=\"https:\/\/klinikadentalstarosa.com\/wp-content\/uploads\/2024\/07\/Radio-Pan-02-768x451.jpg\" data-width=\"768\" data-height=\"451\" aria-label=\"\" role=\"img\" ><\/div>\n\t\t\t\t\t\t\t\t\t\t\t<div class=\"elementor-gallery-item__overlay\"><\/div>\n\t\t\t\t\t\t\t\t\t\t\t\t\t\t<\/a>\n\t\t\t\t\t\t\t<a class=\"e-gallery-item elementor-gallery-item elementor-animated-content\" href=\"https:\/\/klinikadentalstarosa.com\/wp-content\/uploads\/2024\/07\/Radio-Pan-01.jpg\" data-elementor-open-lightbox=\"yes\" data-elementor-lightbox-slideshow=\"de86d98\" data-e-action-hash=\"#elementor-action%3Aaction%3Dlightbox%26settings%3DeyJpZCI6MTc2MCwidXJsIjoiaHR0cHM6XC9cL2tsaW5pa2FkZW50YWxzdGFyb3NhLmNvbVwvd3AtY29udGVudFwvdXBsb2Fkc1wvMjAyNFwvMDdcL1JhZGlvLVBhbi0wMS5qcGciLCJzbGlkZXNob3ciOiJkZTg2ZDk4In0%3D\">\n\t\t\t\t\t<div class=\"e-gallery-image elementor-gallery-item__image\" data-thumbnail=\"https:\/\/klinikadentalstarosa.com\/wp-content\/uploads\/2024\/07\/Radio-Pan-01-768x451.jpg\" data-width=\"768\" data-height=\"451\" aria-label=\"\" role=\"img\" ><\/div>\n\t\t\t\t\t\t\t\t\t\t\t<div class=\"elementor-gallery-item__overlay\"><\/div>\n\t\t\t\t\t\t\t\t\t\t\t\t\t\t<\/a>\n\t\t\t\t\t\t\t<a class=\"e-gallery-item elementor-gallery-item elementor-animated-content\" href=\"https:\/\/klinikadentalstarosa.com\/wp-content\/uploads\/2024\/07\/Radiographie-cephalometrique-02-scaled-1-1024x753-1.jpg\" data-elementor-open-lightbox=\"yes\" data-elementor-lightbox-slideshow=\"de86d98\" data-e-action-hash=\"#elementor-action%3Aaction%3Dlightbox%26settings%3DeyJpZCI6MTc2MywidXJsIjoiaHR0cHM6XC9cL2tsaW5pa2FkZW50YWxzdGFyb3NhLmNvbVwvd3AtY29udGVudFwvdXBsb2Fkc1wvMjAyNFwvMDdcL1JhZGlvZ3JhcGhpZS1jZXBoYWxvbWV0cmlxdWUtMDItc2NhbGVkLTEtMTAyNHg3NTMtMS5qcGciLCJzbGlkZXNob3ciOiJkZTg2ZDk4In0%3D\">\n\t\t\t\t\t<div class=\"e-gallery-image elementor-gallery-item__image\" data-thumbnail=\"https:\/\/klinikadentalstarosa.com\/wp-content\/uploads\/2024\/07\/Radiographie-cephalometrique-02-scaled-1-1024x753-1-768x565.jpg\" data-width=\"768\" data-height=\"565\" aria-label=\"\" role=\"img\" ><\/div>\n\t\t\t\t\t\t\t\t\t\t\t<div class=\"elementor-gallery-item__overlay\"><\/div>\n\t\t\t\t\t\t\t\t\t\t\t\t\t\t<\/a>\n\t\t\t\t\t\t\t<a class=\"e-gallery-item elementor-gallery-item elementor-animated-content\" href=\"https:\/\/klinikadentalstarosa.com\/wp-content\/uploads\/2024\/07\/Airways3.webp\" data-elementor-open-lightbox=\"yes\" data-elementor-lightbox-slideshow=\"de86d98\" data-e-action-hash=\"#elementor-action%3Aaction%3Dlightbox%26settings%3DeyJpZCI6MTc2NCwidXJsIjoiaHR0cHM6XC9cL2tsaW5pa2FkZW50YWxzdGFyb3NhLmNvbVwvd3AtY29udGVudFwvdXBsb2Fkc1wvMjAyNFwvMDdcL0FpcndheXMzLndlYnAiLCJzbGlkZXNob3ciOiJkZTg2ZDk4In0%3D\">\n\t\t\t\t\t<div class=\"e-gallery-image elementor-gallery-item__image\" data-thumbnail=\"https:\/\/klinikadentalstarosa.com\/wp-content\/uploads\/2024\/07\/Airways3-768x465.webp\" data-width=\"768\" data-height=\"465\" aria-label=\"\" role=\"img\" ><\/div>\n\t\t\t\t\t\t\t\t\t\t\t<div class=\"elementor-gallery-item__overlay\"><\/div>\n\t\t\t\t\t\t\t\t\t\t\t\t\t\t<\/a>\n\t\t\t\t\t<\/div>\n\t\t\t\t\t<\/div>\n\t\t\t\t<\/div>\n\t\t\t\t<div class=\"elementor-element elementor-element-5031995 elementor-align-left elementor-mobile-align-justify elementor-widget elementor-widget-button\" data-id=\"5031995\" data-element_type=\"widget\" data-e-type=\"widget\" data-widget_type=\"button.default\">\n\t\t\t\t<div class=\"elementor-widget-container\">\n\t\t\t\t\t\t\t\t\t<div class=\"elementor-button-wrapper\">\n\t\t\t\t\t<a class=\"elementor-button elementor-button-link elementor-size-xl\" href=\"#elementor-action%3Aaction%3Dpopup%3Aopen%26settings%3DeyJpZCI6IjQ3MCIsInRvZ2dsZSI6ZmFsc2V9\">\n\t\t\t\t\t\t<span class=\"elementor-button-content-wrapper\">\n\t\t\t\t\t\t<span class=\"elementor-button-icon\">\n\t\t\t\t<svg aria-hidden=\"true\" class=\"e-font-icon-svg e-fas-chevron-circle-right\" viewBox=\"0 0 512 512\" xmlns=\"http:\/\/www.w3.org\/2000\/svg\"><path d=\"M256 8c137 0 248 111 248 248S393 504 256 504 8 393 8 256 119 8 256 8zm113.9 231L234.4 103.5c-9.4-9.4-24.6-9.4-33.9 0l-17 17c-9.4 9.4-9.4 24.6 0 33.9L285.1 256 183.5 357.6c-9.4 9.4-9.4 24.6 0 33.9l17 17c9.4 9.4 24.6 9.4 33.9 0L369.9 273c9.4-9.4 9.4-24.6 0-34z\"><\/path><\/svg>\t\t\t<\/span>\n\t\t\t\t\t\t\t\t\t<span class=\"elementor-button-text\">Book an Appointment<\/span>\n\t\t\t\t\t<\/span>\n\t\t\t\t\t<\/a>\n\t\t\t\t<\/div>\n\t\t\t\t\t\t\t\t<\/div>\n\t\t\t\t<\/div>\n\t\t\t\t<\/div>\n\t\t\t\t<\/div>\n\t\t\t\t<\/div>\n\t\t\t\t<\/div>\n\t\t\t\t<\/div>\n\t\t","protected":false},"excerpt":{"rendered":"<p>Dental X-rays can help your dentist detect oral health issues, like cavities and gum disease, before they worsen. There are many different types of dental X-rays, including intraoral (taken inside your mouth) and extra-oral (taken outside your mouth). Dental X-rays are essential to proper oral health and dental maintenance. Dentists use\u00a0computed tomography (CT) scans to [&hellip;]<\/p>\n","protected":false},"author":1,"featured_media":0,"parent":0,"menu_order":0,"comment_status":"closed","ping_status":"closed","template":"elementor_header_footer","meta":{"footnotes":""},"class_list":["post-107","page","type-page","status-publish","hentry"],"yoast_head":"<!-- This site is optimized with the Yoast SEO plugin v27.3 - https:\/\/yoast.com\/product\/yoast-seo-wordpress\/ -->\n<title>X-Ray and 3D Scan - Klinika Dental Sta Rosa Curacao<\/title>\n<meta name=\"description\" content=\"Our X-Ray machine is he latest technology has to offer. This means the highest resolution and lowest radiation.\" \/>\n<meta name=\"robots\" content=\"index, follow, max-snippet:-1, max-image-preview:large, max-video-preview:-1\" \/>\n<link rel=\"canonical\" href=\"https:\/\/klinikadentalstarosa.com\/nl\/x-ray-and-3d-scan\/\" \/>\n<meta property=\"og:locale\" content=\"nl_NL\" \/>\n<meta property=\"og:type\" content=\"article\" \/>\n<meta property=\"og:title\" content=\"X-Ray and 3D Scan - Klinika Dental Sta Rosa Curacao\" \/>\n<meta property=\"og:description\" content=\"Our X-Ray machine is he latest technology has to offer. This means the highest resolution and lowest radiation.\" \/>\n<meta property=\"og:url\" content=\"https:\/\/klinikadentalstarosa.com\/nl\/x-ray-and-3d-scan\/\" \/>\n<meta property=\"og:site_name\" content=\"Sta. Rosa Klinika Dental\" \/>\n<meta property=\"article:modified_time\" content=\"2024-10-31T15:39:11+00:00\" \/>\n<meta name=\"twitter:card\" content=\"summary_large_image\" \/>\n<meta name=\"twitter:label1\" content=\"Geschatte leestijd\" \/>\n\t<meta name=\"twitter:data1\" content=\"1 minuut\" \/>\n<script type=\"application\/ld+json\" class=\"yoast-schema-graph\">{\"@context\":\"https:\\\/\\\/schema.org\",\"@graph\":[{\"@type\":\"WebPage\",\"@id\":\"https:\\\/\\\/klinikadentalstarosa.com\\\/x-ray-and-3d-scan\\\/\",\"url\":\"https:\\\/\\\/klinikadentalstarosa.com\\\/x-ray-and-3d-scan\\\/\",\"name\":\"X-Ray and 3D Scan - Klinika Dental Sta Rosa Curacao\",\"isPartOf\":{\"@id\":\"https:\\\/\\\/klinikadentalstarosa.com\\\/#website\"},\"datePublished\":\"2024-03-21T11:53:00+00:00\",\"dateModified\":\"2024-10-31T15:39:11+00:00\",\"description\":\"Our X-Ray machine is he latest technology has to offer. This means the highest resolution and lowest radiation.\",\"breadcrumb\":{\"@id\":\"https:\\\/\\\/klinikadentalstarosa.com\\\/x-ray-and-3d-scan\\\/#breadcrumb\"},\"inLanguage\":\"nl-NL\",\"potentialAction\":[{\"@type\":\"ReadAction\",\"target\":[\"https:\\\/\\\/klinikadentalstarosa.com\\\/x-ray-and-3d-scan\\\/\"]}]},{\"@type\":\"BreadcrumbList\",\"@id\":\"https:\\\/\\\/klinikadentalstarosa.com\\\/x-ray-and-3d-scan\\\/#breadcrumb\",\"itemListElement\":[{\"@type\":\"ListItem\",\"position\":1,\"name\":\"Home\",\"item\":\"https:\\\/\\\/klinikadentalstarosa.com\\\/\"},{\"@type\":\"ListItem\",\"position\":2,\"name\":\"X-Ray and 3D Scan\"}]},{\"@type\":\"WebSite\",\"@id\":\"https:\\\/\\\/klinikadentalstarosa.com\\\/#website\",\"url\":\"https:\\\/\\\/klinikadentalstarosa.com\\\/\",\"name\":\"Sta. Rosa Klinika Dental\",\"description\":\"\",\"potentialAction\":[{\"@type\":\"SearchAction\",\"target\":{\"@type\":\"EntryPoint\",\"urlTemplate\":\"https:\\\/\\\/klinikadentalstarosa.com\\\/?s={search_term_string}\"},\"query-input\":{\"@type\":\"PropertyValueSpecification\",\"valueRequired\":true,\"valueName\":\"search_term_string\"}}],\"inLanguage\":\"nl-NL\"}]}<\/script>\n<!-- \/ Yoast SEO plugin. -->","yoast_head_json":{"title":"R\u00f6ntgenfoto &amp; 3D-scan bij Tandarts Cura\u00e7ao - Klinika Sta Rosa","description":"Bij onze tandarts in Cura\u00e7ao gebruiken we r\u00f6ntgentechnologie van de nieuwste generatie met haarscherp beeld en minimale straling.","robots":{"index":"index","follow":"follow","max-snippet":"max-snippet:-1","max-image-preview":"max-image-preview:large","max-video-preview":"max-video-preview:-1"},"canonical":"https:\/\/klinikadentalstarosa.com\/nl\/x-ray-and-3d-scan\/","og_locale":"nl_NL","og_type":"article","og_title":"X-Ray and 3D Scan - Klinika Dental Sta Rosa Curacao","og_description":"Our X-Ray machine is he latest technology has to offer. This means the highest resolution and lowest radiation.","og_url":"https:\/\/klinikadentalstarosa.com\/nl\/x-ray-and-3d-scan\/","og_site_name":"Sta. Rosa Klinika Dental","article_modified_time":"2024-10-31T15:39:11+00:00","twitter_card":"summary_large_image","twitter_misc":{"Geschatte leestijd":"1 minuut"},"schema":{"@context":"https:\/\/schema.org","@graph":[{"@type":"WebPage","@id":"https:\/\/klinikadentalstarosa.com\/x-ray-and-3d-scan\/","url":"https:\/\/klinikadentalstarosa.com\/x-ray-and-3d-scan\/","name":"R\u00f6ntgenfoto &amp; 3D-scan bij Tandarts Cura\u00e7ao - Klinika Sta Rosa","isPartOf":{"@id":"https:\/\/klinikadentalstarosa.com\/#website"},"datePublished":"2024-03-21T11:53:00+00:00","dateModified":"2024-10-31T15:39:11+00:00","description":"Bij onze tandarts in Cura\u00e7ao gebruiken we r\u00f6ntgentechnologie van de nieuwste generatie met haarscherp beeld en minimale straling.","breadcrumb":{"@id":"https:\/\/klinikadentalstarosa.com\/x-ray-and-3d-scan\/#breadcrumb"},"inLanguage":"nl-NL","potentialAction":[{"@type":"ReadAction","target":["https:\/\/klinikadentalstarosa.com\/x-ray-and-3d-scan\/"]}]},{"@type":"BreadcrumbList","@id":"https:\/\/klinikadentalstarosa.com\/x-ray-and-3d-scan\/#breadcrumb","itemListElement":[{"@type":"ListItem","position":1,"name":"Home","item":"https:\/\/klinikadentalstarosa.com\/"},{"@type":"ListItem","position":2,"name":"X-Ray and 3D Scan"}]},{"@type":"WebSite","@id":"https:\/\/klinikadentalstarosa.com\/#website","url":"https:\/\/klinikadentalstarosa.com\/","name":"Sta. Rosa Klinika Dental","description":"","potentialAction":[{"@type":"SearchAction","target":{"@type":"EntryPoint","urlTemplate":"https:\/\/klinikadentalstarosa.com\/?s={search_term_string}"},"query-input":{"@type":"PropertyValueSpecification","valueRequired":true,"valueName":"search_term_string"}}],"inLanguage":"nl-NL"}]}},"_links":{"self":[{"href":"https:\/\/klinikadentalstarosa.com\/nl\/wp-json\/wp\/v2\/pages\/107","targetHints":{"allow":["GET"]}}],"collection":[{"href":"https:\/\/klinikadentalstarosa.com\/nl\/wp-json\/wp\/v2\/pages"}],"about":[{"href":"https:\/\/klinikadentalstarosa.com\/nl\/wp-json\/wp\/v2\/types\/page"}],"author":[{"embeddable":true,"href":"https:\/\/klinikadentalstarosa.com\/nl\/wp-json\/wp\/v2\/users\/1"}],"replies":[{"embeddable":true,"href":"https:\/\/klinikadentalstarosa.com\/nl\/wp-json\/wp\/v2\/comments?post=107"}],"version-history":[{"count":23,"href":"https:\/\/klinikadentalstarosa.com\/nl\/wp-json\/wp\/v2\/pages\/107\/revisions"}],"predecessor-version":[{"id":2098,"href":"https:\/\/klinikadentalstarosa.com\/nl\/wp-json\/wp\/v2\/pages\/107\/revisions\/2098"}],"wp:attachment":[{"href":"https:\/\/klinikadentalstarosa.com\/nl\/wp-json\/wp\/v2\/media?parent=107"}],"curies":[{"name":"wp","href":"https:\/\/api.w.org\/{rel}","templated":true}]}}